{"id":494,"date":"2020-11-18T06:07:45","date_gmt":"2020-11-18T06:07:45","guid":{"rendered":"\/?page_id=494"},"modified":"2022-01-18T00:06:09","modified_gmt":"2022-01-18T00:06:09","slug":"terminos-y-condiciones","status":"publish","type":"page","link":"https:\/\/unforshop.com\/?page_id=494","title":{"rendered":"T\u00e9rminos y Condiciones"},"content":{"rendered":"<p>[et_pb_section fb_built=\u00bb1&#8243; _builder_version=\u00bb4.7.7&#8243; _module_preset=\u00bbdefault\u00bb global_colors_info=\u00bb{}\u00bb][et_pb_row _builder_version=\u00bb4.7.7&#8243; _module_preset=\u00bbdefault\u00bb global_colors_info=\u00bb{}\u00bb][et_pb_column type=\u00bb4_4&#8243; _builder_version=\u00bb4.7.7&#8243; _module_preset=\u00bbdefault\u00bb global_colors_info=\u00bb{}\u00bb][et_pb_text _builder_version=\u00bb4.14.6&#8243; _module_preset=\u00bbdefault\u00bb hover_enabled=\u00bb0&#8243; global_colors_info=\u00bb{}\u00bb ul_font=\u00bb||||||||\u00bb ol_font=\u00bb||||||||\u00bb sticky_enabled=\u00bb0&#8243;]<\/p>\n<h3>T\u00c9RMINOS Y CONDICIONES<\/h3>\n<p><b><\/b><\/p>\n<p><b>Estimado Cliente:<\/b><\/p>\n<p><b>UNFORSHOP<\/b><span style=\"font-weight: 400;\"> conocido tambi\u00e9n como <\/span><b>CONEMPSAL<\/b><span style=\"font-weight: 400;\"> goza de garant\u00eda (por defectos de fabricaci\u00f3n), est\u00e1 sujeta a cambio o devoluci\u00f3n durante los primeros 15 d\u00edas a partir de la fecha de compra, siempre que este no haya sufrido deterioro por mal uso y se encuentre con sus empaques originales.<\/span><\/p>\n<p><span style=\"font-weight: 400;\"><\/span><\/p>\n<p><span style=\"font-weight: 400;\"><\/span><\/p>\n<p><span style=\"font-weight: 400;\"><\/span><\/p>\n<h4><strong>I. <b>Precios indicados no incluyen IVA, costos de env\u00edo var\u00edan seg\u00fan zona de cobertura.<\/b><\/strong><\/h4>\n<p><span style=\"font-weight: 400;\">Las medidas son a base de tallas proporcionadas por la empresa (patrones est\u00e1ndar), NO A LA MEDIDA. <\/span><\/p>\n<p><span style=\"font-weight: 400;\">Cambios realizados en cantidades, colores, dise\u00f1o o logos en el producto, despu\u00e9s de entregado el 50% de anticipo, tendr\u00e1 un costo adicional del 50%+IVA sobre el valor total de facturaci\u00f3n final. 50% de anticipo no tiene devoluci\u00f3n, ya que cubre el costo de la materia prima del pedido.<\/span><\/p>\n<p><span style=\"font-weight: 400;\"><b>Es importante que haga efectiva la garant\u00eda a trav\u00e9s de los centros de atenci\u00f3n autorizados por medio de correo electr\u00f3nico o telef\u00f3nico.<\/b><\/span><\/p>\n<p>&nbsp;<\/p>\n<h4><strong>II. <b>Para hacer efectiva esta pol\u00edtica de cambio o devoluci\u00f3n es necesario tomar en cuenta la siguiente informaci\u00f3n:<\/b><\/strong><\/h4>\n<p><strong><b><\/b><\/strong><\/p>\n<ol>\n<li><span style=\"font-weight: 400;\">Debe presentar la factura o ticket para todo cambio o devoluci\u00f3n.<\/span><\/li>\n<li><span style=\"font-weight: 400;\"> Las prendas no deben haber sufrido deterioro por mal uso o manejo inapropiado.<\/span><\/li>\n<li><span style=\"font-weight: 400;\"> No se podr\u00e1 hacer devoluci\u00f3n en efectivo.<\/span><\/li>\n<li><span style=\"font-weight: 400;\"> El valor del 50% de anticipo del valor total de la venta, NO TIENE DEVOLUCI\u00d3N, cuando se solicite un pedido y que lleva bordado o estampado, ya que cubre costos de materia prima.<\/span><\/li>\n<li><span style=\"font-weight: 400;\"> Si el producto que adquiere en oferta el d\u00eda de la compra, este no goza de garant\u00eda y no podr\u00e1 ser cambiado o devuelto.<\/span><\/li>\n<li>No se aceptan cambios o devoluciones de mercader\u00eda entre pa\u00edses.<\/li>\n<\/ol>\n<p><span style=\"font-weight: 400;\"><\/span><\/p>\n<p><span style=\"font-weight: 400;\"><\/span><\/p>\n<p><span style=\"font-weight: 400;\">Al adquirir cualquier PRODUCTO o SERVICIO de nuestro SITIO WEB utilizar o acceder a la informaci\u00f3n desplegada en el mismo, el USUARIO acepta haber estudiado y entendido todos los t\u00e9rminos y condiciones del PRODUCTO o SERVICIO que se describen en el presente documento (en adelante \u201cT\u00e9rminos y Condiciones\u201d)<\/span><\/p>\n<p><span style=\"font-weight: 400;\"><\/span><\/p>\n<p><span style=\"font-weight: 400;\">Los consumidores finales de <\/span><b>UNFORSHOP-CONEMPSAL<\/b><span style=\"font-weight: 400;\"> que podr\u00e1n adquirir los PRODUCTOS y\/o SERVICIOS ofrecidos a trav\u00e9s del SITIO WEB.<\/span><\/p>\n<p><span style=\"font-weight: 400;\"><\/span><\/p>\n<p><span style=\"font-weight: 400;\">Todos aquellos PRODUCTOS que ofrece <\/span><b>UNFORSHOP<\/b><span style=\"font-weight: 400;\"> a trav\u00e9s de su SITIO WEB, sean los mismos PRODUCTOS que ofrece <\/span><b>CONEMPSAL<\/b><span style=\"font-weight: 400;\"> directamente.<\/span><\/p>\n<p><span style=\"font-weight: 400;\"><\/span><\/p>\n<p><span style=\"font-weight: 400;\">El USUARIO podr\u00e1 realizar el pago de los CARGOS por medio sus tarjetas de DEBITO y\/o CREDITO, transacciones o links de pago aceptadas por UNFORSHOP. Dicho pago deber\u00e1 acreditarse antes del despacho del PRODUCTO. El USUARIO se compromete a no realizar contra CARGOS en la tarjeta.<\/span><\/p>\n<p><span style=\"font-weight: 400;\"><\/span><\/p>\n<p><span style=\"font-weight: 400;\">Al finalizar el proceso de compra en l\u00ednea, el USUARIO recibir\u00e1 siempre una confirmaci\u00f3n de la compra y una confirmaci\u00f3n por parte del procesador de pagos a su correo electr\u00f3nico registrado. La factura\/ticket digital de la compra, ser\u00e1 enviada por el mismo medio.<\/span><\/p>\n<p>&nbsp;<\/p>\n<p><span style=\"font-weight: 400;\">Es fundamental, para efectos de realizar la compra, que el USUARIO verifique todos los datos sobre los PRODUCTOS o los SERVICIOS que desea adquirir para efectos de no incurrir en errores, que inserte en forma adecuada toda la informaci\u00f3n requerida para la entrega del PRODUCTO o la prestaci\u00f3n del SERVICIO, y que entienda y acepte los t\u00e9rminos y condiciones de compra.<\/span><\/p>\n<p><span style=\"font-weight: 400;\"><\/span><\/p>\n<p><span style=\"font-weight: 400;\">UNFORSHOP no ser\u00e1 responsable por problemas derivados de fallas en el sistema del procesador de pagos y\/o la entidad bancaria por medio de la cual se pretende realizar el pago, caso ante el cual el USUARIO deber\u00e1 comunicarse con su proveedor de servicios para corregir el problema y poder efectuar la compra en cuesti\u00f3n.<\/span><\/p>\n<p>&nbsp;<\/p>\n<p><span style=\"font-weight: 400;\">Los T\u00e9rminos y Condiciones del PRODUCTO o SERVICIO, as\u00ed como nuestra Pol\u00edtica de Privacidad y Seguridad podr\u00e1n ser modificados en cualquier momento en el futuro. Por esta raz\u00f3n, la utilizaci\u00f3n de los SERVICIOS del SITIO WEB en un momento posterior a la realizaci\u00f3n de estas modificaciones, implica que el USUARIO acepta las mismas. Es obligaci\u00f3n del USUARIO estar atento a cualquier cambio o modificaci\u00f3n para estudiarlo previo a la nueva utilizaci\u00f3n del SITIO WEB y sus respectivos PRODUCTOS o SERVICIOS.<\/span><\/p>\n<p>&nbsp;<\/p>\n<p>[\/et_pb_text][\/et_pb_column][\/et_pb_row][\/et_pb_section]<\/p>\n","protected":false},"excerpt":{"rendered":"<p>T\u00c9RMINOS Y CONDICIONES Estimado Cliente: UNFORSHOP conocido tambi\u00e9n como CONEMPSAL goza de garant\u00eda (por defectos de fabricaci\u00f3n), est\u00e1 sujeta a cambio o devoluci\u00f3n durante los primeros 15 d\u00edas a partir de la fecha de compra, siempre que este no haya sufrido deterioro por mal uso y se encuentre con sus empaques originales. I. Precios indicados [&hellip;]<\/p>\n","protected":false},"author":33,"featured_media":0,"parent":0,"menu_order":0,"comment_status":"closed","ping_status":"closed","template":"","meta":{"_et_pb_use_builder":"on","_et_pb_old_content":"","_et_gb_content_width":""},"_links":{"self":[{"href":"https:\/\/unforshop.com\/index.php?rest_route=\/wp\/v2\/pages\/494"}],"collection":[{"href":"https:\/\/unforshop.com\/index.php?rest_route=\/wp\/v2\/pages"}],"about":[{"href":"https:\/\/unforshop.com\/index.php?rest_route=\/wp\/v2\/types\/page"}],"author":[{"embeddable":true,"href":"https:\/\/unforshop.com\/index.php?rest_route=\/wp\/v2\/users\/33"}],"replies":[{"embeddable":true,"href":"https:\/\/unforshop.com\/index.php?rest_route=%2Fwp%2Fv2%2Fcomments&post=494"}],"version-history":[{"count":7,"href":"https:\/\/unforshop.com\/index.php?rest_route=\/wp\/v2\/pages\/494\/revisions"}],"predecessor-version":[{"id":2155,"href":"https:\/\/unforshop.com\/index.php?rest_route=\/wp\/v2\/pages\/494\/revisions\/2155"}],"wp:attachment":[{"href":"https:\/\/unforshop.com\/index.php?rest_route=%2Fwp%2Fv2%2Fmedia&parent=494"}],"curies":[{"name":"wp","href":"https:\/\/api.w.org\/{rel}","templated":true}]}}